{"id":185,"date":"2020-04-02T15:17:33","date_gmt":"2020-04-02T13:17:33","guid":{"rendered":"https:\/\/cityofliterature.bwhbeheer.nl\/?page_id=185"},"modified":"2020-05-01T08:22:30","modified_gmt":"2020-05-01T08:22:30","slug":"col-ljouwert","status":"publish","type":"page","link":"https:\/\/leeuwardencityofliterature.bwhsite.nl\/fy\/col-ljouwert\/","title":{"rendered":"Ljouwert City of Literature"},"content":{"rendered":"\n<p>As UNESCO City of Literature wolle Ljouwert en Frysl\u00e2n ynvestearje yn in profesjoneel liter\u00ear klimaat, in ynternasjonaal netwurk en it sa tagonklik mooglik meitsjen fan literatuer (\u00fbnder mear rekken h\u00e2ldend mei funksjoneel analfabetisme en meartaligens). <\/p>\n\n\n\n<p>By &#8216;literatuer yn Frysl\u00e2n&#8217; tinke wy fansels yn it foarste plak oan Frysktalige literatuer. Mar it is folle mear as dat. Ek Nederl\u00e2nsktalige gedichten, ferhalen en romans definiearje de skiednis, de posysje en de takomst fan \u00fas provinsje. En ferjit net de auteurs en dichters dy&#8217;t skriuwe yn it Biltsk, Stellingwerfsk of ien fan de oare streek- en minderheidstalen dy&#8217;t Frysl\u00e2n ryk is! Troch neist dit alles de klam te lizzen op oersettingen fan skriuwers \u00fat Frysl\u00e2n en op \u00fatwikselingen mei oare talen en kultueren, \u00fbnderstreekje wy it iepen en&nbsp;ynklusive&nbsp;karakter fan literatuer yn Frysl\u00e2n.&nbsp;<\/p>\n","protected":false},"excerpt":{"rendered":"<p>As UNESCO City of Literature wolle Ljouwert en Frysl\u00e2n ynvestearje yn in profesjoneel liter\u00ear klimaat, in ynternasjonaal netwurk en it sa tagonklik mooglik meitsjen fan literatuer (\u00fbnder mear rekken h\u00e2ldend mei funksjoneel analfabetisme en meartaligens). By &#8216;literatuer yn Frysl\u00e2n&#8217; tinke wy fansels yn it foarste plak oan Frysktalige literatuer. Mar it is folle mear as [&hellip;]<\/p>\n","protected":false},"author":2,"featured_media":0,"parent":0,"menu_order":22,"comment_status":"closed","ping_status":"closed","template":"","meta":{"_acf_changed":false,"inline_featured_image":false,"footnotes":""},"class_list":["post-185","page","type-page","status-publish","hentry"],"acf":[],"yoast_head":"<!-- This site is optimized with the Yoast SEO plugin v27.4 - https:\/\/yoast.com\/product\/yoast-seo-wordpress\/ -->\n<title>Ljouwert City of Literature - Leeuwarden City of Literature<\/title>\n<meta name=\"robots\" content=\"noindex, follow, max-snippet:-1, max-image-preview:large, max-video-preview:-1\" \/>\n<meta property=\"og:locale\" content=\"nl_NL\" \/>\n<meta property=\"og:type\" content=\"article\" \/>\n<meta property=\"og:title\" content=\"Ljouwert City of Literature - Leeuwarden City of Literature\" \/>\n<meta property=\"og:description\" content=\"As UNESCO City of Literature wolle Ljouwert en Frysl\u00e2n ynvestearje yn in profesjoneel liter\u00ear klimaat, in ynternasjonaal netwurk en it sa tagonklik mooglik meitsjen fan literatuer (\u00fbnder mear rekken h\u00e2ldend mei funksjoneel analfabetisme en meartaligens). By &#8216;literatuer yn Frysl\u00e2n&#8217; tinke wy fansels yn it foarste plak oan Frysktalige literatuer. Mar it is folle mear as [&hellip;]\" \/>\n<meta property=\"og:url\" content=\"https:\/\/leeuwardencityofliterature.bwhsite.nl\/col-leeuwarden\/\" \/>\n<meta property=\"og:site_name\" content=\"Leeuwarden City of Literature\" \/>\n<meta property=\"article:modified_time\" content=\"2020-05-01T08:22:30+00:00\" \/>\n<meta property=\"og:image\" content=\"https:\/\/leeuwardencityofliterature.bwhsite.nl\/wp-content\/uploads\/2022\/05\/COL_FB-header_01.png\" \/>\n\t<meta property=\"og:image:width\" content=\"1640\" \/>\n\t<meta property=\"og:image:height\" content=\"624\" \/>\n\t<meta property=\"og:image:type\" content=\"image\/png\" \/>\n<meta name=\"twitter:card\" content=\"summary_large_image\" \/>\n<meta name=\"twitter:label1\" content=\"Est. reading time\" \/>\n\t<meta name=\"twitter:data1\" content=\"1 minute\" \/>\n<script type=\"application\/ld+json\" class=\"yoast-schema-graph\">{\"@context\":\"https:\\\/\\\/schema.org\",\"@graph\":[{\"@type\":\"WebPage\",\"@id\":\"https:\\\/\\\/leeuwardencityofliterature.bwhsite.nl\\\/col-leeuwarden\\\/\",\"url\":\"https:\\\/\\\/leeuwardencityofliterature.bwhsite.nl\\\/col-leeuwarden\\\/\",\"name\":\"Ljouwert City of Literature - Leeuwarden City of Literature\",\"isPartOf\":{\"@id\":\"https:\\\/\\\/leeuwardencityofliterature.bwhsite.nl\\\/#website\"},\"datePublished\":\"2020-04-02T13:17:33+00:00\",\"dateModified\":\"2020-05-01T08:22:30+00:00\",\"breadcrumb\":{\"@id\":\"https:\\\/\\\/leeuwardencityofliterature.bwhsite.nl\\\/col-leeuwarden\\\/#breadcrumb\"},\"inLanguage\":\"nl-FY\",\"potentialAction\":[{\"@type\":\"ReadAction\",\"target\":[\"https:\\\/\\\/leeuwardencityofliterature.bwhsite.nl\\\/col-leeuwarden\\\/\"]}]},{\"@type\":\"BreadcrumbList\",\"@id\":\"https:\\\/\\\/leeuwardencityofliterature.bwhsite.nl\\\/col-leeuwarden\\\/#breadcrumb\",\"itemListElement\":[{\"@type\":\"ListItem\",\"position\":1,\"name\":\"Home\",\"item\":\"https:\\\/\\\/leeuwardencityofliterature.bwhsite.nl\\\/\"},{\"@type\":\"ListItem\",\"position\":2,\"name\":\"Ljouwert City of Literature\"}]},{\"@type\":\"WebSite\",\"@id\":\"https:\\\/\\\/leeuwardencityofliterature.bwhsite.nl\\\/#website\",\"url\":\"https:\\\/\\\/leeuwardencityofliterature.bwhsite.nl\\\/\",\"name\":\"Leeuwarden City of Literature\",\"description\":\"\",\"potentialAction\":[{\"@type\":\"SearchAction\",\"target\":{\"@type\":\"EntryPoint\",\"urlTemplate\":\"https:\\\/\\\/leeuwardencityofliterature.bwhsite.nl\\\/?s={search_term_string}\"},\"query-input\":{\"@type\":\"PropertyValueSpecification\",\"valueRequired\":true,\"valueName\":\"search_term_string\"}}],\"inLanguage\":\"nl-FY\"}]}<\/script>\n<!-- \/ Yoast SEO plugin. -->","yoast_head_json":{"title":"Ljouwert City of Literature - Leeuwarden City of Literature","robots":{"index":"noindex","follow":"follow","max-snippet":"max-snippet:-1","max-image-preview":"max-image-preview:large","max-video-preview":"max-video-preview:-1"},"og_locale":"nl_NL","og_type":"article","og_title":"Ljouwert City of Literature - Leeuwarden City of Literature","og_description":"As UNESCO City of Literature wolle Ljouwert en Frysl\u00e2n ynvestearje yn in profesjoneel liter\u00ear klimaat, in ynternasjonaal netwurk en it sa tagonklik mooglik meitsjen fan literatuer (\u00fbnder mear rekken h\u00e2ldend mei funksjoneel analfabetisme en meartaligens). By &#8216;literatuer yn Frysl\u00e2n&#8217; tinke wy fansels yn it foarste plak oan Frysktalige literatuer. Mar it is folle mear as [&hellip;]","og_url":"https:\/\/leeuwardencityofliterature.bwhsite.nl\/col-leeuwarden\/","og_site_name":"Leeuwarden City of Literature","article_modified_time":"2020-05-01T08:22:30+00:00","og_image":[{"width":1640,"height":624,"url":"https:\/\/leeuwardencityofliterature.bwhsite.nl\/wp-content\/uploads\/2022\/05\/COL_FB-header_01.png","type":"image\/png"}],"twitter_card":"summary_large_image","twitter_misc":{"Est. reading time":"1 minute"},"schema":{"@context":"https:\/\/schema.org","@graph":[{"@type":"WebPage","@id":"https:\/\/leeuwardencityofliterature.bwhsite.nl\/col-leeuwarden\/","url":"https:\/\/leeuwardencityofliterature.bwhsite.nl\/col-leeuwarden\/","name":"Ljouwert City of Literature - Leeuwarden City of Literature","isPartOf":{"@id":"https:\/\/leeuwardencityofliterature.bwhsite.nl\/#website"},"datePublished":"2020-04-02T13:17:33+00:00","dateModified":"2020-05-01T08:22:30+00:00","breadcrumb":{"@id":"https:\/\/leeuwardencityofliterature.bwhsite.nl\/col-leeuwarden\/#breadcrumb"},"inLanguage":"nl-FY","potentialAction":[{"@type":"ReadAction","target":["https:\/\/leeuwardencityofliterature.bwhsite.nl\/col-leeuwarden\/"]}]},{"@type":"BreadcrumbList","@id":"https:\/\/leeuwardencityofliterature.bwhsite.nl\/col-leeuwarden\/#breadcrumb","itemListElement":[{"@type":"ListItem","position":1,"name":"Home","item":"https:\/\/leeuwardencityofliterature.bwhsite.nl\/"},{"@type":"ListItem","position":2,"name":"Ljouwert City of Literature"}]},{"@type":"WebSite","@id":"https:\/\/leeuwardencityofliterature.bwhsite.nl\/#website","url":"https:\/\/leeuwardencityofliterature.bwhsite.nl\/","name":"Leeuwarden City of Literature","description":"","potentialAction":[{"@type":"SearchAction","target":{"@type":"EntryPoint","urlTemplate":"https:\/\/leeuwardencityofliterature.bwhsite.nl\/?s={search_term_string}"},"query-input":{"@type":"PropertyValueSpecification","valueRequired":true,"valueName":"search_term_string"}}],"inLanguage":"nl-FY"}]}},"_links":{"self":[{"href":"https:\/\/leeuwardencityofliterature.bwhsite.nl\/fy\/wp-json\/wp\/v2\/pages\/185","targetHints":{"allow":["GET"]}}],"collection":[{"href":"https:\/\/leeuwardencityofliterature.bwhsite.nl\/fy\/wp-json\/wp\/v2\/pages"}],"about":[{"href":"https:\/\/leeuwardencityofliterature.bwhsite.nl\/fy\/wp-json\/wp\/v2\/types\/page"}],"author":[{"embeddable":true,"href":"https:\/\/leeuwardencityofliterature.bwhsite.nl\/fy\/wp-json\/wp\/v2\/users\/2"}],"replies":[{"embeddable":true,"href":"https:\/\/leeuwardencityofliterature.bwhsite.nl\/fy\/wp-json\/wp\/v2\/comments?post=185"}],"version-history":[{"count":3,"href":"https:\/\/leeuwardencityofliterature.bwhsite.nl\/fy\/wp-json\/wp\/v2\/pages\/185\/revisions"}],"predecessor-version":[{"id":317,"href":"https:\/\/leeuwardencityofliterature.bwhsite.nl\/fy\/wp-json\/wp\/v2\/pages\/185\/revisions\/317"}],"wp:attachment":[{"href":"https:\/\/leeuwardencityofliterature.bwhsite.nl\/fy\/wp-json\/wp\/v2\/media?parent=185"}],"curies":[{"name":"wp","href":"https:\/\/api.w.org\/{rel}","templated":true}]}}