{"id":194,"date":"2020-04-21T14:15:18","date_gmt":"2020-04-21T14:15:18","guid":{"rendered":"https:\/\/cityofliterature.bwhbeheer.nl\/?page_id=194"},"modified":"2020-04-21T14:15:19","modified_gmt":"2020-04-21T14:15:19","slug":"creative-cities","status":"publish","type":"page","link":"https:\/\/leeuwardencityofliterature.bwhsite.nl\/fy\/creative-cities\/","title":{"rendered":"Creative Cities"},"content":{"rendered":"\n<p>UNESCO rjochte yn 2004 it Creative Cities Network (UCCN) op. D\u00earmei befoarderje se de gearwurking mei en tusken st\u00eaden dy\u2019t kreativiteit fan strategysk belang achtsje foar duorsume steds\u00fbntwikkeling. <\/p>\n\n\n\n<p><a href=\"https:\/\/en.unesco.org\/creative-cities\/creative-cities-map\" target=\"_blank\" rel=\"noreferrer noopener\">Binnen it netwurk fan omtrint 246 st\u00eaden<\/a> besteane nauwe bannen tusken st\u00eaden mei deselde kreative fokus. Dat kin \u00fbnder mear design w\u00eaze, film, gastronomy, muzyk of\u2026 literatuer! Ljouwert-Frysl\u00e2n draacht s\u00fbnt novimber 2019 de titel \u2018UNESCO City of Literature\u2019, krekt as sa\u2019n fjirtich oare st\u00eaden yn de wr\u00e2ld. It giet d\u00earby net om in titel foar in jier, mar om in bliuwend lidmaatskip fan it netwurk. De hjoeddeistige Cities of Literature binne \u00fbnder oaren Edinburgh, Utrecht, Barcelona, Melbourne, Milaan en Seattle. St\u00eaden dy\u2019t ek yn it netwurk sitte en d\u00ear\u2019t wy al gauris kontakt mei hawwe, binne: Ljubljana, Edinburgh en Tartu.<\/p>\n","protected":false},"excerpt":{"rendered":"<p>UNESCO rjochte yn 2004 it Creative Cities Network (UCCN) op. D\u00earmei befoarderje se de gearwurking mei en tusken st\u00eaden dy\u2019t kreativiteit fan strategysk belang achtsje foar duorsume steds\u00fbntwikkeling. Binnen it netwurk fan omtrint 246 st\u00eaden besteane nauwe bannen tusken st\u00eaden mei deselde kreative fokus. Dat kin \u00fbnder mear design w\u00eaze, film, gastronomy, muzyk of\u2026 literatuer! [&hellip;]<\/p>\n","protected":false},"author":2,"featured_media":0,"parent":0,"menu_order":34,"comment_status":"closed","ping_status":"closed","template":"","meta":{"_acf_changed":false,"inline_featured_image":false,"footnotes":""},"class_list":["post-194","page","type-page","status-publish","hentry"],"acf":[],"yoast_head":"<!-- This site is optimized with the Yoast SEO plugin v27.4 - https:\/\/yoast.com\/product\/yoast-seo-wordpress\/ -->\n<title>Creative Cities - Leeuwarden City of Literature<\/title>\n<meta name=\"robots\" content=\"noindex, follow, max-snippet:-1, max-image-preview:large, max-video-preview:-1\" \/>\n<meta property=\"og:locale\" content=\"nl_NL\" \/>\n<meta property=\"og:type\" content=\"article\" \/>\n<meta property=\"og:title\" content=\"Creative Cities - Leeuwarden City of Literature\" \/>\n<meta property=\"og:description\" content=\"UNESCO rjochte yn 2004 it Creative Cities Network (UCCN) op. D\u00earmei befoarderje se de gearwurking mei en tusken st\u00eaden dy\u2019t kreativiteit fan strategysk belang achtsje foar duorsume steds\u00fbntwikkeling. Binnen it netwurk fan omtrint 246 st\u00eaden besteane nauwe bannen tusken st\u00eaden mei deselde kreative fokus. Dat kin \u00fbnder mear design w\u00eaze, film, gastronomy, muzyk of\u2026 literatuer! [&hellip;]\" \/>\n<meta property=\"og:url\" content=\"https:\/\/leeuwardencityofliterature.bwhsite.nl\/creative-cities\/\" \/>\n<meta property=\"og:site_name\" content=\"Leeuwarden City of Literature\" \/>\n<meta property=\"article:modified_time\" content=\"2020-04-21T14:15:19+00:00\" \/>\n<meta property=\"og:image\" content=\"https:\/\/leeuwardencityofliterature.bwhsite.nl\/wp-content\/uploads\/2022\/05\/COL_FB-header_01.png\" \/>\n\t<meta property=\"og:image:width\" content=\"1640\" \/>\n\t<meta property=\"og:image:height\" content=\"624\" \/>\n\t<meta property=\"og:image:type\" content=\"image\/png\" \/>\n<meta name=\"twitter:card\" content=\"summary_large_image\" \/>\n<meta name=\"twitter:label1\" content=\"Est. reading time\" \/>\n\t<meta name=\"twitter:data1\" content=\"1 minute\" \/>\n<script type=\"application\/ld+json\" class=\"yoast-schema-graph\">{\"@context\":\"https:\\\/\\\/schema.org\",\"@graph\":[{\"@type\":\"WebPage\",\"@id\":\"https:\\\/\\\/leeuwardencityofliterature.bwhsite.nl\\\/creative-cities\\\/\",\"url\":\"https:\\\/\\\/leeuwardencityofliterature.bwhsite.nl\\\/creative-cities\\\/\",\"name\":\"Creative Cities - Leeuwarden City of Literature\",\"isPartOf\":{\"@id\":\"https:\\\/\\\/leeuwardencityofliterature.bwhsite.nl\\\/#website\"},\"datePublished\":\"2020-04-21T14:15:18+00:00\",\"dateModified\":\"2020-04-21T14:15:19+00:00\",\"breadcrumb\":{\"@id\":\"https:\\\/\\\/leeuwardencityofliterature.bwhsite.nl\\\/creative-cities\\\/#breadcrumb\"},\"inLanguage\":\"nl-FY\",\"potentialAction\":[{\"@type\":\"ReadAction\",\"target\":[\"https:\\\/\\\/leeuwardencityofliterature.bwhsite.nl\\\/creative-cities\\\/\"]}]},{\"@type\":\"BreadcrumbList\",\"@id\":\"https:\\\/\\\/leeuwardencityofliterature.bwhsite.nl\\\/creative-cities\\\/#breadcrumb\",\"itemListElement\":[{\"@type\":\"ListItem\",\"position\":1,\"name\":\"Home\",\"item\":\"https:\\\/\\\/leeuwardencityofliterature.bwhsite.nl\\\/\"},{\"@type\":\"ListItem\",\"position\":2,\"name\":\"Creative Cities\"}]},{\"@type\":\"WebSite\",\"@id\":\"https:\\\/\\\/leeuwardencityofliterature.bwhsite.nl\\\/#website\",\"url\":\"https:\\\/\\\/leeuwardencityofliterature.bwhsite.nl\\\/\",\"name\":\"Leeuwarden City of Literature\",\"description\":\"\",\"potentialAction\":[{\"@type\":\"SearchAction\",\"target\":{\"@type\":\"EntryPoint\",\"urlTemplate\":\"https:\\\/\\\/leeuwardencityofliterature.bwhsite.nl\\\/?s={search_term_string}\"},\"query-input\":{\"@type\":\"PropertyValueSpecification\",\"valueRequired\":true,\"valueName\":\"search_term_string\"}}],\"inLanguage\":\"nl-FY\"}]}<\/script>\n<!-- \/ Yoast SEO plugin. -->","yoast_head_json":{"title":"Creative Cities - Leeuwarden City of Literature","robots":{"index":"noindex","follow":"follow","max-snippet":"max-snippet:-1","max-image-preview":"max-image-preview:large","max-video-preview":"max-video-preview:-1"},"og_locale":"nl_NL","og_type":"article","og_title":"Creative Cities - Leeuwarden City of Literature","og_description":"UNESCO rjochte yn 2004 it Creative Cities Network (UCCN) op. D\u00earmei befoarderje se de gearwurking mei en tusken st\u00eaden dy\u2019t kreativiteit fan strategysk belang achtsje foar duorsume steds\u00fbntwikkeling. Binnen it netwurk fan omtrint 246 st\u00eaden besteane nauwe bannen tusken st\u00eaden mei deselde kreative fokus. Dat kin \u00fbnder mear design w\u00eaze, film, gastronomy, muzyk of\u2026 literatuer! [&hellip;]","og_url":"https:\/\/leeuwardencityofliterature.bwhsite.nl\/creative-cities\/","og_site_name":"Leeuwarden City of Literature","article_modified_time":"2020-04-21T14:15:19+00:00","og_image":[{"width":1640,"height":624,"url":"https:\/\/leeuwardencityofliterature.bwhsite.nl\/wp-content\/uploads\/2022\/05\/COL_FB-header_01.png","type":"image\/png"}],"twitter_card":"summary_large_image","twitter_misc":{"Est. reading time":"1 minute"},"schema":{"@context":"https:\/\/schema.org","@graph":[{"@type":"WebPage","@id":"https:\/\/leeuwardencityofliterature.bwhsite.nl\/creative-cities\/","url":"https:\/\/leeuwardencityofliterature.bwhsite.nl\/creative-cities\/","name":"Creative Cities - Leeuwarden City of Literature","isPartOf":{"@id":"https:\/\/leeuwardencityofliterature.bwhsite.nl\/#website"},"datePublished":"2020-04-21T14:15:18+00:00","dateModified":"2020-04-21T14:15:19+00:00","breadcrumb":{"@id":"https:\/\/leeuwardencityofliterature.bwhsite.nl\/creative-cities\/#breadcrumb"},"inLanguage":"nl-FY","potentialAction":[{"@type":"ReadAction","target":["https:\/\/leeuwardencityofliterature.bwhsite.nl\/creative-cities\/"]}]},{"@type":"BreadcrumbList","@id":"https:\/\/leeuwardencityofliterature.bwhsite.nl\/creative-cities\/#breadcrumb","itemListElement":[{"@type":"ListItem","position":1,"name":"Home","item":"https:\/\/leeuwardencityofliterature.bwhsite.nl\/"},{"@type":"ListItem","position":2,"name":"Creative Cities"}]},{"@type":"WebSite","@id":"https:\/\/leeuwardencityofliterature.bwhsite.nl\/#website","url":"https:\/\/leeuwardencityofliterature.bwhsite.nl\/","name":"Leeuwarden City of Literature","description":"","potentialAction":[{"@type":"SearchAction","target":{"@type":"EntryPoint","urlTemplate":"https:\/\/leeuwardencityofliterature.bwhsite.nl\/?s={search_term_string}"},"query-input":{"@type":"PropertyValueSpecification","valueRequired":true,"valueName":"search_term_string"}}],"inLanguage":"nl-FY"}]}},"_links":{"self":[{"href":"https:\/\/leeuwardencityofliterature.bwhsite.nl\/fy\/wp-json\/wp\/v2\/pages\/194","targetHints":{"allow":["GET"]}}],"collection":[{"href":"https:\/\/leeuwardencityofliterature.bwhsite.nl\/fy\/wp-json\/wp\/v2\/pages"}],"about":[{"href":"https:\/\/leeuwardencityofliterature.bwhsite.nl\/fy\/wp-json\/wp\/v2\/types\/page"}],"author":[{"embeddable":true,"href":"https:\/\/leeuwardencityofliterature.bwhsite.nl\/fy\/wp-json\/wp\/v2\/users\/2"}],"replies":[{"embeddable":true,"href":"https:\/\/leeuwardencityofliterature.bwhsite.nl\/fy\/wp-json\/wp\/v2\/comments?post=194"}],"version-history":[{"count":1,"href":"https:\/\/leeuwardencityofliterature.bwhsite.nl\/fy\/wp-json\/wp\/v2\/pages\/194\/revisions"}],"predecessor-version":[{"id":195,"href":"https:\/\/leeuwardencityofliterature.bwhsite.nl\/fy\/wp-json\/wp\/v2\/pages\/194\/revisions\/195"}],"wp:attachment":[{"href":"https:\/\/leeuwardencityofliterature.bwhsite.nl\/fy\/wp-json\/wp\/v2\/media?parent=194"}],"curies":[{"name":"wp","href":"https:\/\/api.w.org\/{rel}","templated":true}]}}