{"id":200,"date":"2020-04-02T15:18:07","date_gmt":"2020-04-02T13:18:07","guid":{"rendered":"https:\/\/cityofliterature.bwhbeheer.nl\/?page_id=200"},"modified":"2022-02-15T13:14:45","modified_gmt":"2022-02-15T13:14:45","slug":"organisaasje","status":"publish","type":"page","link":"https:\/\/leeuwardencityofliterature.bwhsite.nl\/fy\/organisaasje\/","title":{"rendered":"Organisaasje"},"content":{"rendered":"\n<p>De wurkorganisaasje fan Ljouwert UNESCO City of Literature bestiet yn 2022 \u00fat Ernst Bruinsma (algehiele lieding), Tryntsje van der Steege (projektko\u00f6rdinator), Sito Wijngaarden (projektmeiwurker), Berber van Oyen-Peenstra (marketingko\u00f6rdinator) en Grietje Deinum (kommunikaasje). Mei tank oan  Preston Losack (korrektor Ingelsk, <a href=\"https:\/\/www.babbleon.nl\/\">babbleon.nl<\/a>).<\/p>\n\n\n\n<h4 class=\"wp-block-heading\">Opdrachtjouwers<\/h4>\n\n\n\n<p>De opdrachtjouwers fan Ljouwert UNESCO City of Literature binne <a href=\"https:\/\/www.leeuwarden.nl\/nl\" target=\"_blank\" rel=\"noreferrer noopener\">gemeente Ljouwert<\/a>, <a href=\"https:\/\/www.fryslan.frl\/frysk\" target=\"_blank\" rel=\"noreferrer noopener\">provinsje Frysl\u00e2n<\/a> en <a href=\"https:\/\/www.lf2028.eu\/\" target=\"_blank\" rel=\"noreferrer noopener\">LF2028<\/a>.<\/p>\n\n\n\n<h4 class=\"wp-block-heading\">Advysried<\/h4>\n\n\n\n<p>De ferantwurdlikheid foar in goede programmearring leit by de wurkorganisaasje. Mar uteraard is de ynset en stipe nedich fan alle taal- en literatuerorganisaasjes yn Ljouwert en Frysl\u00e2n. D\u00earom wurdt wurke mei in advysried dy\u2019t \u00fas frege en net frege advys jout. Yn de advysried binne fertsjintwurdige: Af\u00fbk, Explore the North, FERS, it Skriuwersboun en Tresoar. Oare partners binne \u00fbnder mear: Histoarysk Sintrum Ljouwert, Fryske Akademy, Omrop Frysl\u00e2n en Ryksuniversiteit Grins \/ Campus Frysl\u00e2n.<\/p>\n","protected":false},"excerpt":{"rendered":"<p>De wurkorganisaasje fan Ljouwert UNESCO City of Literature bestiet yn 2022 \u00fat Ernst Bruinsma (algehiele lieding), Tryntsje van der Steege (projektko\u00f6rdinator), Sito Wijngaarden (projektmeiwurker), Berber van Oyen-Peenstra (marketingko\u00f6rdinator) en Grietje Deinum (kommunikaasje). Mei tank oan Preston Losack (korrektor Ingelsk, babbleon.nl). Opdrachtjouwers De opdrachtjouwers fan Ljouwert UNESCO City of Literature binne gemeente Ljouwert, provinsje Frysl\u00e2n en [&hellip;]<\/p>\n","protected":false},"author":2,"featured_media":0,"parent":0,"menu_order":25,"comment_status":"closed","ping_status":"closed","template":"","meta":{"_acf_changed":false,"inline_featured_image":false,"footnotes":""},"class_list":["post-200","page","type-page","status-publish","hentry"],"acf":[],"yoast_head":"<!-- This site is optimized with the Yoast SEO plugin v27.4 - https:\/\/yoast.com\/product\/yoast-seo-wordpress\/ -->\n<title>Organisaasje - Leeuwarden City of Literature<\/title>\n<meta name=\"robots\" content=\"noindex, follow, max-snippet:-1, max-image-preview:large, max-video-preview:-1\" \/>\n<meta property=\"og:locale\" content=\"nl_NL\" \/>\n<meta property=\"og:type\" content=\"article\" \/>\n<meta property=\"og:title\" content=\"Organisaasje - Leeuwarden City of Literature\" \/>\n<meta property=\"og:description\" content=\"De wurkorganisaasje fan Ljouwert UNESCO City of Literature bestiet yn 2022 \u00fat Ernst Bruinsma (algehiele lieding), Tryntsje van der Steege (projektko\u00f6rdinator), Sito Wijngaarden (projektmeiwurker), Berber van Oyen-Peenstra (marketingko\u00f6rdinator) en Grietje Deinum (kommunikaasje). Mei tank oan Preston Losack (korrektor Ingelsk, babbleon.nl). Opdrachtjouwers De opdrachtjouwers fan Ljouwert UNESCO City of Literature binne gemeente Ljouwert, provinsje Frysl\u00e2n en [&hellip;]\" \/>\n<meta property=\"og:url\" content=\"https:\/\/leeuwardencityofliterature.bwhsite.nl\/organisatie\/\" \/>\n<meta property=\"og:site_name\" content=\"Leeuwarden City of Literature\" \/>\n<meta property=\"article:modified_time\" content=\"2022-02-15T13:14:45+00:00\" \/>\n<meta property=\"og:image\" content=\"https:\/\/leeuwardencityofliterature.bwhsite.nl\/wp-content\/uploads\/2022\/05\/COL_FB-header_01.png\" \/>\n\t<meta property=\"og:image:width\" content=\"1640\" \/>\n\t<meta property=\"og:image:height\" content=\"624\" \/>\n\t<meta property=\"og:image:type\" content=\"image\/png\" \/>\n<meta name=\"twitter:card\" content=\"summary_large_image\" \/>\n<meta name=\"twitter:label1\" content=\"Est. reading time\" \/>\n\t<meta name=\"twitter:data1\" content=\"1 minute\" \/>\n<script type=\"application\/ld+json\" class=\"yoast-schema-graph\">{\"@context\":\"https:\\\/\\\/schema.org\",\"@graph\":[{\"@type\":\"WebPage\",\"@id\":\"https:\\\/\\\/leeuwardencityofliterature.bwhsite.nl\\\/organisatie\\\/\",\"url\":\"https:\\\/\\\/leeuwardencityofliterature.bwhsite.nl\\\/organisatie\\\/\",\"name\":\"Organisaasje - Leeuwarden City of Literature\",\"isPartOf\":{\"@id\":\"https:\\\/\\\/leeuwardencityofliterature.bwhsite.nl\\\/#website\"},\"datePublished\":\"2020-04-02T13:18:07+00:00\",\"dateModified\":\"2022-02-15T13:14:45+00:00\",\"breadcrumb\":{\"@id\":\"https:\\\/\\\/leeuwardencityofliterature.bwhsite.nl\\\/organisatie\\\/#breadcrumb\"},\"inLanguage\":\"nl-FY\",\"potentialAction\":[{\"@type\":\"ReadAction\",\"target\":[\"https:\\\/\\\/leeuwardencityofliterature.bwhsite.nl\\\/organisatie\\\/\"]}]},{\"@type\":\"BreadcrumbList\",\"@id\":\"https:\\\/\\\/leeuwardencityofliterature.bwhsite.nl\\\/organisatie\\\/#breadcrumb\",\"itemListElement\":[{\"@type\":\"ListItem\",\"position\":1,\"name\":\"Home\",\"item\":\"https:\\\/\\\/leeuwardencityofliterature.bwhsite.nl\\\/\"},{\"@type\":\"ListItem\",\"position\":2,\"name\":\"Organisaasje\"}]},{\"@type\":\"WebSite\",\"@id\":\"https:\\\/\\\/leeuwardencityofliterature.bwhsite.nl\\\/#website\",\"url\":\"https:\\\/\\\/leeuwardencityofliterature.bwhsite.nl\\\/\",\"name\":\"Leeuwarden City of Literature\",\"description\":\"\",\"potentialAction\":[{\"@type\":\"SearchAction\",\"target\":{\"@type\":\"EntryPoint\",\"urlTemplate\":\"https:\\\/\\\/leeuwardencityofliterature.bwhsite.nl\\\/?s={search_term_string}\"},\"query-input\":{\"@type\":\"PropertyValueSpecification\",\"valueRequired\":true,\"valueName\":\"search_term_string\"}}],\"inLanguage\":\"nl-FY\"}]}<\/script>\n<!-- \/ Yoast SEO plugin. -->","yoast_head_json":{"title":"Organisaasje - Leeuwarden City of Literature","robots":{"index":"noindex","follow":"follow","max-snippet":"max-snippet:-1","max-image-preview":"max-image-preview:large","max-video-preview":"max-video-preview:-1"},"og_locale":"nl_NL","og_type":"article","og_title":"Organisaasje - Leeuwarden City of Literature","og_description":"De wurkorganisaasje fan Ljouwert UNESCO City of Literature bestiet yn 2022 \u00fat Ernst Bruinsma (algehiele lieding), Tryntsje van der Steege (projektko\u00f6rdinator), Sito Wijngaarden (projektmeiwurker), Berber van Oyen-Peenstra (marketingko\u00f6rdinator) en Grietje Deinum (kommunikaasje). Mei tank oan Preston Losack (korrektor Ingelsk, babbleon.nl). Opdrachtjouwers De opdrachtjouwers fan Ljouwert UNESCO City of Literature binne gemeente Ljouwert, provinsje Frysl\u00e2n en [&hellip;]","og_url":"https:\/\/leeuwardencityofliterature.bwhsite.nl\/organisatie\/","og_site_name":"Leeuwarden City of Literature","article_modified_time":"2022-02-15T13:14:45+00:00","og_image":[{"width":1640,"height":624,"url":"https:\/\/leeuwardencityofliterature.bwhsite.nl\/wp-content\/uploads\/2022\/05\/COL_FB-header_01.png","type":"image\/png"}],"twitter_card":"summary_large_image","twitter_misc":{"Est. reading time":"1 minute"},"schema":{"@context":"https:\/\/schema.org","@graph":[{"@type":"WebPage","@id":"https:\/\/leeuwardencityofliterature.bwhsite.nl\/organisatie\/","url":"https:\/\/leeuwardencityofliterature.bwhsite.nl\/organisatie\/","name":"Organisaasje - Leeuwarden City of Literature","isPartOf":{"@id":"https:\/\/leeuwardencityofliterature.bwhsite.nl\/#website"},"datePublished":"2020-04-02T13:18:07+00:00","dateModified":"2022-02-15T13:14:45+00:00","breadcrumb":{"@id":"https:\/\/leeuwardencityofliterature.bwhsite.nl\/organisatie\/#breadcrumb"},"inLanguage":"nl-FY","potentialAction":[{"@type":"ReadAction","target":["https:\/\/leeuwardencityofliterature.bwhsite.nl\/organisatie\/"]}]},{"@type":"BreadcrumbList","@id":"https:\/\/leeuwardencityofliterature.bwhsite.nl\/organisatie\/#breadcrumb","itemListElement":[{"@type":"ListItem","position":1,"name":"Home","item":"https:\/\/leeuwardencityofliterature.bwhsite.nl\/"},{"@type":"ListItem","position":2,"name":"Organisaasje"}]},{"@type":"WebSite","@id":"https:\/\/leeuwardencityofliterature.bwhsite.nl\/#website","url":"https:\/\/leeuwardencityofliterature.bwhsite.nl\/","name":"Leeuwarden City of Literature","description":"","potentialAction":[{"@type":"SearchAction","target":{"@type":"EntryPoint","urlTemplate":"https:\/\/leeuwardencityofliterature.bwhsite.nl\/?s={search_term_string}"},"query-input":{"@type":"PropertyValueSpecification","valueRequired":true,"valueName":"search_term_string"}}],"inLanguage":"nl-FY"}]}},"_links":{"self":[{"href":"https:\/\/leeuwardencityofliterature.bwhsite.nl\/fy\/wp-json\/wp\/v2\/pages\/200","targetHints":{"allow":["GET"]}}],"collection":[{"href":"https:\/\/leeuwardencityofliterature.bwhsite.nl\/fy\/wp-json\/wp\/v2\/pages"}],"about":[{"href":"https:\/\/leeuwardencityofliterature.bwhsite.nl\/fy\/wp-json\/wp\/v2\/types\/page"}],"author":[{"embeddable":true,"href":"https:\/\/leeuwardencityofliterature.bwhsite.nl\/fy\/wp-json\/wp\/v2\/users\/2"}],"replies":[{"embeddable":true,"href":"https:\/\/leeuwardencityofliterature.bwhsite.nl\/fy\/wp-json\/wp\/v2\/comments?post=200"}],"version-history":[{"count":9,"href":"https:\/\/leeuwardencityofliterature.bwhsite.nl\/fy\/wp-json\/wp\/v2\/pages\/200\/revisions"}],"predecessor-version":[{"id":5198,"href":"https:\/\/leeuwardencityofliterature.bwhsite.nl\/fy\/wp-json\/wp\/v2\/pages\/200\/revisions\/5198"}],"wp:attachment":[{"href":"https:\/\/leeuwardencityofliterature.bwhsite.nl\/fy\/wp-json\/wp\/v2\/media?parent=200"}],"curies":[{"name":"wp","href":"https:\/\/api.w.org\/{rel}","templated":true}]}}