{"id":205,"date":"2020-04-02T15:18:23","date_gmt":"2020-04-02T13:18:23","guid":{"rendered":"https:\/\/cityofliterature.bwhbeheer.nl\/?page_id=205"},"modified":"2022-05-04T19:38:16","modified_gmt":"2022-05-04T17:38:16","slug":"projekten","status":"publish","type":"page","link":"https:\/\/leeuwardencityofliterature.bwhsite.nl\/fy\/projekten\/","title":{"rendered":"Projekten"},"content":{"rendered":"\n<p>Ljouwert UNESCO City of Literature stimulearret op \u00fbnderskate manieren it skriuw- en l\u00easklimaat yn Frysl\u00e2n. De haadyngredi\u00efnten binne d\u00earby: in skriuwersprogramma, in residinsjeprogramma en in l\u00easbefoarderingsprojekt. D\u00earneist drage wy ynh\u00e2ldlik by oan de tri\u00ebnnales fan LF2028.<\/p>\n\n\n\n<h4 class=\"wp-block-heading\">Creative Writing Programme<\/h4>\n\n\n\n<p>It Creative Writing Programme biedt skriuwers de mooglikheid om harren binnen ferskillende sjenres en op ferskillende nivo\u2019s te \u00fbntwikkeljen. It programma is bedoeld om in aktyf skriuwklimaat te stimulearjen en om talintfolle skriuwers de gelegenheid te jaan om harren fierder te profesjonalisearjen. Liter\u00ear oersetten en nauwe gearwurkingen tusken skriuwers en oersetters wurde in essinsjeel \u00fbnderdiel fan it skriuwersprogramma. Foar it programma wurde de kr\u00eaften ferienige fan \u00fb.m. Productiehuis Explore the North, Tryater, Meeuw Jonge Schrijvers, New Noardic Wave, Iepen Up, Dichter bij Leeuwarden, Af\u00fbk en Tresoar. Yn it ramt fan kennisdieling en meartaligens behelje wy it netwurk fan City of Literature yn it jaan fan gastlessen, masterclasses en oersetworkshops.<\/p>\n\n\n\n<h4 class=\"wp-block-heading\">Ynternasjonaal residinsjeprogramma<\/h4>\n\n\n\n<p>Ferskate organisaasjes yn it liter\u00eare fjild organisearje ynternasjonale \u00fatwikselingsprogramma\u2019s foar skriuwers. Wy ko\u00f6rdinearje en fasilitearje dy inisjativen en bringe skriuwers yn kontakt mei lokale keunstners, kennisbanken, erfgoed en befolking. Tagelyk organisearje wy nije inisjativen en wurkje wy gear mei de residinsjeprogramma\u2019s fan it Nederlands Letterenfonds en de kollega-Cities of Literature. De residinsjes binne ek ynteressant foar oersetters: sy wurkje nau gear mei b\u00fbtenl\u00e2nske skriuwers dy\u2019t yn Frysl\u00e2n residearje en sy kinne ek sels nei it b\u00fbtenl\u00e2n.<\/p>\n\n\n\n<h4 class=\"wp-block-heading\">L\u00easbefoardering<\/h4>\n\n\n\n<p>(Funksjoneel) analfabetisme en \u00fbntl\u00eazing is in fiks (lanlik) probleem. Yn Frysl\u00e2n is d\u00earneist in soad omtinken foar meartaligens. Meartaligens draacht by oan in grutter taalbewustw\u00eazen, persoanlike identiteits\u00fbntwikkeling en iepenheid nei oare talen en kultueren. Op dit stuit binne der yn \u00fas provinsje al in protte inisjativen om alfabetisme, meartaligens en ynteresse foar l\u00eazen te befoarderjen. Ljouwert UNESCO City of Literature bringt dy inisjativen yn kaart en start d\u00earnei in (oanfoljend en ferbinend) Frysk-ynternasjonaal projekt op. Foar l\u00easbefoardering en meartalich alfabetisme en mei literatuer as \u00fatgongspunt. It l\u00eazen fan boeken en it besykjen fan liter\u00eare aktiviteiten wurdt daliks al stimulearre: as Ljouwert UNESCO City of Literature diele wy sintraal liter\u00eare aktiviteiten, sadat de sichtberheid fergrutte wurdt.<\/p>\n\n\n\n<h4 class=\"wp-block-heading\">Tri\u00ebnnales LF2028<\/h4>\n\n\n\n<p>Ljouwert UNESCO City of Literature sl\u00fat oan by de Tri\u00ebnnales dy\u2019t foarsteld binne troch LF2028. Dat betsjut dat wy ien kear yn \u2019e trije jier grut \u00fatpakke mei in spektakul\u00ear literatuerprogramma dat past by de doelstellingen en tematyk fan LF2028, yn nauwe gearwurking mei LF2028. Op dy manier wurket Ljouwert UNESCO City of Literature \u2013 en dus de literatuer \u2013 ek mei oan de profilearring fan Ljouwert\/Frysl\u00e2n en oan in sterke ferbining fan it keunstefjild. Yn 2022 makket Ljouwert UNESCO City of Literature it programma <em>Utsteld lok<\/em> foar de earste Tri\u00ebnnale, Arcadia.<\/p>\n","protected":false},"excerpt":{"rendered":"<p>Ljouwert UNESCO City of Literature stimulearret op \u00fbnderskate manieren it skriuw- en l\u00easklimaat yn Frysl\u00e2n. De haadyngredi\u00efnten binne d\u00earby: in skriuwersprogramma, in residinsjeprogramma en in l\u00easbefoarderingsprojekt. D\u00earneist drage wy ynh\u00e2ldlik by oan de tri\u00ebnnales fan LF2028. Creative Writing Programme It Creative Writing Programme biedt skriuwers de mooglikheid om harren binnen ferskillende sjenres en op ferskillende [&hellip;]<\/p>\n","protected":false},"author":2,"featured_media":0,"parent":0,"menu_order":37,"comment_status":"closed","ping_status":"closed","template":"template-projecten.php","meta":{"_acf_changed":false,"inline_featured_image":false,"footnotes":""},"class_list":["post-205","page","type-page","status-publish","hentry"],"acf":[],"yoast_head":"<!-- This site is optimized with the Yoast SEO plugin v27.4 - https:\/\/yoast.com\/product\/yoast-seo-wordpress\/ -->\n<title>Projekten - Leeuwarden City of Literature<\/title>\n<meta name=\"robots\" content=\"noindex, follow, max-snippet:-1, max-image-preview:large, max-video-preview:-1\" \/>\n<meta property=\"og:locale\" content=\"nl_NL\" \/>\n<meta property=\"og:type\" content=\"article\" \/>\n<meta property=\"og:title\" content=\"Projekten - Leeuwarden City of Literature\" \/>\n<meta property=\"og:description\" content=\"Ljouwert UNESCO City of Literature stimulearret op \u00fbnderskate manieren it skriuw- en l\u00easklimaat yn Frysl\u00e2n. De haadyngredi\u00efnten binne d\u00earby: in skriuwersprogramma, in residinsjeprogramma en in l\u00easbefoarderingsprojekt. D\u00earneist drage wy ynh\u00e2ldlik by oan de tri\u00ebnnales fan LF2028. Creative Writing Programme It Creative Writing Programme biedt skriuwers de mooglikheid om harren binnen ferskillende sjenres en op ferskillende [&hellip;]\" \/>\n<meta property=\"og:url\" content=\"https:\/\/leeuwardencityofliterature.bwhsite.nl\/projecten\/\" \/>\n<meta property=\"og:site_name\" content=\"Leeuwarden City of Literature\" \/>\n<meta property=\"article:modified_time\" content=\"2022-05-04T17:38:16+00:00\" \/>\n<meta property=\"og:image\" content=\"https:\/\/leeuwardencityofliterature.bwhsite.nl\/wp-content\/uploads\/2022\/05\/COL_FB-header_01.png\" \/>\n\t<meta property=\"og:image:width\" content=\"1640\" \/>\n\t<meta property=\"og:image:height\" content=\"624\" \/>\n\t<meta property=\"og:image:type\" content=\"image\/png\" \/>\n<meta name=\"twitter:card\" content=\"summary_large_image\" \/>\n<meta name=\"twitter:label1\" content=\"Est. reading time\" \/>\n\t<meta name=\"twitter:data1\" content=\"2 minutes\" \/>\n<script type=\"application\/ld+json\" class=\"yoast-schema-graph\">{\"@context\":\"https:\\\/\\\/schema.org\",\"@graph\":[{\"@type\":\"WebPage\",\"@id\":\"https:\\\/\\\/leeuwardencityofliterature.bwhsite.nl\\\/projecten\\\/\",\"url\":\"https:\\\/\\\/leeuwardencityofliterature.bwhsite.nl\\\/projecten\\\/\",\"name\":\"Projekten - Leeuwarden City of Literature\",\"isPartOf\":{\"@id\":\"https:\\\/\\\/leeuwardencityofliterature.bwhsite.nl\\\/#website\"},\"datePublished\":\"2020-04-02T13:18:23+00:00\",\"dateModified\":\"2022-05-04T17:38:16+00:00\",\"breadcrumb\":{\"@id\":\"https:\\\/\\\/leeuwardencityofliterature.bwhsite.nl\\\/projecten\\\/#breadcrumb\"},\"inLanguage\":\"nl-FY\",\"potentialAction\":[{\"@type\":\"ReadAction\",\"target\":[\"https:\\\/\\\/leeuwardencityofliterature.bwhsite.nl\\\/projecten\\\/\"]}]},{\"@type\":\"BreadcrumbList\",\"@id\":\"https:\\\/\\\/leeuwardencityofliterature.bwhsite.nl\\\/projecten\\\/#breadcrumb\",\"itemListElement\":[{\"@type\":\"ListItem\",\"position\":1,\"name\":\"Home\",\"item\":\"https:\\\/\\\/leeuwardencityofliterature.bwhsite.nl\\\/\"},{\"@type\":\"ListItem\",\"position\":2,\"name\":\"Projekten\"}]},{\"@type\":\"WebSite\",\"@id\":\"https:\\\/\\\/leeuwardencityofliterature.bwhsite.nl\\\/#website\",\"url\":\"https:\\\/\\\/leeuwardencityofliterature.bwhsite.nl\\\/\",\"name\":\"Leeuwarden City of Literature\",\"description\":\"\",\"potentialAction\":[{\"@type\":\"SearchAction\",\"target\":{\"@type\":\"EntryPoint\",\"urlTemplate\":\"https:\\\/\\\/leeuwardencityofliterature.bwhsite.nl\\\/?s={search_term_string}\"},\"query-input\":{\"@type\":\"PropertyValueSpecification\",\"valueRequired\":true,\"valueName\":\"search_term_string\"}}],\"inLanguage\":\"nl-FY\"}]}<\/script>\n<!-- \/ Yoast SEO plugin. -->","yoast_head_json":{"title":"Projekten - Leeuwarden City of Literature","robots":{"index":"noindex","follow":"follow","max-snippet":"max-snippet:-1","max-image-preview":"max-image-preview:large","max-video-preview":"max-video-preview:-1"},"og_locale":"nl_NL","og_type":"article","og_title":"Projekten - Leeuwarden City of Literature","og_description":"Ljouwert UNESCO City of Literature stimulearret op \u00fbnderskate manieren it skriuw- en l\u00easklimaat yn Frysl\u00e2n. De haadyngredi\u00efnten binne d\u00earby: in skriuwersprogramma, in residinsjeprogramma en in l\u00easbefoarderingsprojekt. D\u00earneist drage wy ynh\u00e2ldlik by oan de tri\u00ebnnales fan LF2028. Creative Writing Programme It Creative Writing Programme biedt skriuwers de mooglikheid om harren binnen ferskillende sjenres en op ferskillende [&hellip;]","og_url":"https:\/\/leeuwardencityofliterature.bwhsite.nl\/projecten\/","og_site_name":"Leeuwarden City of Literature","article_modified_time":"2022-05-04T17:38:16+00:00","og_image":[{"width":1640,"height":624,"url":"https:\/\/leeuwardencityofliterature.bwhsite.nl\/wp-content\/uploads\/2022\/05\/COL_FB-header_01.png","type":"image\/png"}],"twitter_card":"summary_large_image","twitter_misc":{"Est. reading time":"2 minutes"},"schema":{"@context":"https:\/\/schema.org","@graph":[{"@type":"WebPage","@id":"https:\/\/leeuwardencityofliterature.bwhsite.nl\/projecten\/","url":"https:\/\/leeuwardencityofliterature.bwhsite.nl\/projecten\/","name":"Projekten - Leeuwarden City of Literature","isPartOf":{"@id":"https:\/\/leeuwardencityofliterature.bwhsite.nl\/#website"},"datePublished":"2020-04-02T13:18:23+00:00","dateModified":"2022-05-04T17:38:16+00:00","breadcrumb":{"@id":"https:\/\/leeuwardencityofliterature.bwhsite.nl\/projecten\/#breadcrumb"},"inLanguage":"nl-FY","potentialAction":[{"@type":"ReadAction","target":["https:\/\/leeuwardencityofliterature.bwhsite.nl\/projecten\/"]}]},{"@type":"BreadcrumbList","@id":"https:\/\/leeuwardencityofliterature.bwhsite.nl\/projecten\/#breadcrumb","itemListElement":[{"@type":"ListItem","position":1,"name":"Home","item":"https:\/\/leeuwardencityofliterature.bwhsite.nl\/"},{"@type":"ListItem","position":2,"name":"Projekten"}]},{"@type":"WebSite","@id":"https:\/\/leeuwardencityofliterature.bwhsite.nl\/#website","url":"https:\/\/leeuwardencityofliterature.bwhsite.nl\/","name":"Leeuwarden City of Literature","description":"","potentialAction":[{"@type":"SearchAction","target":{"@type":"EntryPoint","urlTemplate":"https:\/\/leeuwardencityofliterature.bwhsite.nl\/?s={search_term_string}"},"query-input":{"@type":"PropertyValueSpecification","valueRequired":true,"valueName":"search_term_string"}}],"inLanguage":"nl-FY"}]}},"_links":{"self":[{"href":"https:\/\/leeuwardencityofliterature.bwhsite.nl\/fy\/wp-json\/wp\/v2\/pages\/205","targetHints":{"allow":["GET"]}}],"collection":[{"href":"https:\/\/leeuwardencityofliterature.bwhsite.nl\/fy\/wp-json\/wp\/v2\/pages"}],"about":[{"href":"https:\/\/leeuwardencityofliterature.bwhsite.nl\/fy\/wp-json\/wp\/v2\/types\/page"}],"author":[{"embeddable":true,"href":"https:\/\/leeuwardencityofliterature.bwhsite.nl\/fy\/wp-json\/wp\/v2\/users\/2"}],"replies":[{"embeddable":true,"href":"https:\/\/leeuwardencityofliterature.bwhsite.nl\/fy\/wp-json\/wp\/v2\/comments?post=205"}],"version-history":[{"count":3,"href":"https:\/\/leeuwardencityofliterature.bwhsite.nl\/fy\/wp-json\/wp\/v2\/pages\/205\/revisions"}],"predecessor-version":[{"id":2839,"href":"https:\/\/leeuwardencityofliterature.bwhsite.nl\/fy\/wp-json\/wp\/v2\/pages\/205\/revisions\/2839"}],"wp:attachment":[{"href":"https:\/\/leeuwardencityofliterature.bwhsite.nl\/fy\/wp-json\/wp\/v2\/media?parent=205"}],"curies":[{"name":"wp","href":"https:\/\/api.w.org\/{rel}","templated":true}]}}