{"id":5589,"date":"2022-03-29T20:24:39","date_gmt":"2022-03-29T20:24:39","guid":{"rendered":"https:\/\/leeuwardencityofliterature.bwhbeheer.nl\/?page_id=5589"},"modified":"2022-03-29T20:28:25","modified_gmt":"2022-03-29T20:28:25","slug":"beliedslinen","status":"publish","type":"page","link":"https:\/\/leeuwardencityofliterature.bwhsite.nl\/fy\/beliedslinen\/","title":{"rendered":"Beliedslinen"},"content":{"rendered":"\n<p>Ljouwert UNESCO City of Literature bout oan in duorsume en stevige liter\u00eare ynfrastruktuer. Wy dogge dat hieltyd binnen de neikommende beliedslinen:\u00a0<\/p>\n\n\n\n<h4 class=\"wp-block-heading\">Profesjonalisearring&nbsp;<\/h4>\n\n\n\n<p>It befoarderjen fan in goede ynfrastruktuer foar de profesjonalisearring fan talintfolle skriuwers, dichters en oersetters.<\/p>\n\n\n\n<h4 class=\"wp-block-heading\">L\u00easbefoardering&nbsp;<\/h4>\n\n\n\n<p>It ynteressearjen fan publyk foar l\u00eazen en liter\u00eare aktiviteiten.<\/p>\n\n\n\n<h4 class=\"wp-block-heading\">SDG-gearwurking&nbsp;<\/h4>\n\n\n\n<p>It inisjearjen en stypjen fan projekten yn Frysl\u00e2n w\u00earby &#8216;t literatuer ynset wurdt foar it realisearjen fan in leefbere takomst en it breed \u00fbntsluten fan de Fryske literatuer.<\/p>\n\n\n\n<h4 class=\"wp-block-heading\">Arcadia&nbsp;<\/h4>\n\n\n\n<p>It hieltyd oansluten by de tri\u00ebnnale fan LF 2028 mei in grutskalich, liter\u00ear programma. Foar it earst yn Arcadia 2022 (7 maaie -14 augustus ).<\/p>\n\n\n\n<h4 class=\"wp-block-heading\">Ynternasjonalisearring&nbsp;<\/h4>\n\n\n\n<p>It fergrutsjen fan de ynternasjonale sichtberens fan skriuwers \/ dichters \u00fat Frysl\u00e2n en it stimulearjen fan moetings en \u00fatwikselings oer de grins.<\/p>\n\n\n\n<div class=\"wp-block-buttons is-layout-flex wp-block-buttons-is-layout-flex\">\n<div class=\"wp-block-button\"><a class=\"wp-block-button__link has-background has-vivid-red-background-color\" href=\"https:\/\/www.leeuwardencityofliterature.nl\/fy\/projekten\" target=\"_blank\" rel=\"noreferrer noopener\">Besjoch \u00fas projekten<\/a><\/div>\n<\/div>\n","protected":false},"excerpt":{"rendered":"<p>Ljouwert UNESCO City of Literature bout oan in duorsume en stevige liter\u00eare ynfrastruktuer. Wy dogge dat hieltyd binnen de neikommende beliedslinen:\u00a0 Profesjonalisearring&nbsp; It befoarderjen fan in goede ynfrastruktuer foar de profesjonalisearring fan talintfolle skriuwers, dichters en oersetters. L\u00easbefoardering&nbsp; It ynteressearjen fan publyk foar l\u00eazen en liter\u00eare aktiviteiten. SDG-gearwurking&nbsp; It inisjearjen en stypjen fan projekten yn [&hellip;]<\/p>\n","protected":false},"author":2,"featured_media":0,"parent":0,"menu_order":6,"comment_status":"closed","ping_status":"closed","template":"","meta":{"_acf_changed":false,"inline_featured_image":false,"footnotes":""},"class_list":["post-5589","page","type-page","status-publish","hentry"],"acf":[],"yoast_head":"<!-- This site is optimized with the Yoast SEO plugin v27.4 - https:\/\/yoast.com\/product\/yoast-seo-wordpress\/ -->\n<title>Beliedslinen - Leeuwarden City of Literature<\/title>\n<meta name=\"robots\" content=\"noindex, follow, max-snippet:-1, max-image-preview:large, max-video-preview:-1\" \/>\n<meta property=\"og:locale\" content=\"nl_NL\" \/>\n<meta property=\"og:type\" content=\"article\" \/>\n<meta property=\"og:title\" content=\"Beliedslinen - Leeuwarden City of Literature\" \/>\n<meta property=\"og:description\" content=\"Ljouwert UNESCO City of Literature bout oan in duorsume en stevige liter\u00eare ynfrastruktuer. Wy dogge dat hieltyd binnen de neikommende beliedslinen:\u00a0 Profesjonalisearring&nbsp; It befoarderjen fan in goede ynfrastruktuer foar de profesjonalisearring fan talintfolle skriuwers, dichters en oersetters. L\u00easbefoardering&nbsp; It ynteressearjen fan publyk foar l\u00eazen en liter\u00eare aktiviteiten. SDG-gearwurking&nbsp; It inisjearjen en stypjen fan projekten yn [&hellip;]\" \/>\n<meta property=\"og:url\" content=\"https:\/\/leeuwardencityofliterature.bwhsite.nl\/beleidslijnen\/\" \/>\n<meta property=\"og:site_name\" content=\"Leeuwarden City of Literature\" \/>\n<meta property=\"article:modified_time\" content=\"2022-03-29T20:28:25+00:00\" \/>\n<meta property=\"og:image\" content=\"https:\/\/leeuwardencityofliterature.bwhsite.nl\/wp-content\/uploads\/2022\/05\/COL_FB-header_01.png\" \/>\n\t<meta property=\"og:image:width\" content=\"1640\" \/>\n\t<meta property=\"og:image:height\" content=\"624\" \/>\n\t<meta property=\"og:image:type\" content=\"image\/png\" \/>\n<meta name=\"twitter:card\" content=\"summary_large_image\" \/>\n<meta name=\"twitter:label1\" content=\"Est. reading time\" \/>\n\t<meta name=\"twitter:data1\" content=\"1 minute\" \/>\n<script type=\"application\/ld+json\" class=\"yoast-schema-graph\">{\"@context\":\"https:\\\/\\\/schema.org\",\"@graph\":[{\"@type\":\"WebPage\",\"@id\":\"https:\\\/\\\/leeuwardencityofliterature.bwhsite.nl\\\/beleidslijnen\\\/\",\"url\":\"https:\\\/\\\/leeuwardencityofliterature.bwhsite.nl\\\/beleidslijnen\\\/\",\"name\":\"Beliedslinen - Leeuwarden City of Literature\",\"isPartOf\":{\"@id\":\"https:\\\/\\\/leeuwardencityofliterature.bwhsite.nl\\\/#website\"},\"datePublished\":\"2022-03-29T20:24:39+00:00\",\"dateModified\":\"2022-03-29T20:28:25+00:00\",\"breadcrumb\":{\"@id\":\"https:\\\/\\\/leeuwardencityofliterature.bwhsite.nl\\\/beleidslijnen\\\/#breadcrumb\"},\"inLanguage\":\"nl-FY\",\"potentialAction\":[{\"@type\":\"ReadAction\",\"target\":[\"https:\\\/\\\/leeuwardencityofliterature.bwhsite.nl\\\/beleidslijnen\\\/\"]}]},{\"@type\":\"BreadcrumbList\",\"@id\":\"https:\\\/\\\/leeuwardencityofliterature.bwhsite.nl\\\/beleidslijnen\\\/#breadcrumb\",\"itemListElement\":[{\"@type\":\"ListItem\",\"position\":1,\"name\":\"Home\",\"item\":\"https:\\\/\\\/leeuwardencityofliterature.bwhsite.nl\\\/\"},{\"@type\":\"ListItem\",\"position\":2,\"name\":\"Beliedslinen\"}]},{\"@type\":\"WebSite\",\"@id\":\"https:\\\/\\\/leeuwardencityofliterature.bwhsite.nl\\\/#website\",\"url\":\"https:\\\/\\\/leeuwardencityofliterature.bwhsite.nl\\\/\",\"name\":\"Leeuwarden City of Literature\",\"description\":\"\",\"potentialAction\":[{\"@type\":\"SearchAction\",\"target\":{\"@type\":\"EntryPoint\",\"urlTemplate\":\"https:\\\/\\\/leeuwardencityofliterature.bwhsite.nl\\\/?s={search_term_string}\"},\"query-input\":{\"@type\":\"PropertyValueSpecification\",\"valueRequired\":true,\"valueName\":\"search_term_string\"}}],\"inLanguage\":\"nl-FY\"}]}<\/script>\n<!-- \/ Yoast SEO plugin. -->","yoast_head_json":{"title":"Beliedslinen - Leeuwarden City of Literature","robots":{"index":"noindex","follow":"follow","max-snippet":"max-snippet:-1","max-image-preview":"max-image-preview:large","max-video-preview":"max-video-preview:-1"},"og_locale":"nl_NL","og_type":"article","og_title":"Beliedslinen - Leeuwarden City of Literature","og_description":"Ljouwert UNESCO City of Literature bout oan in duorsume en stevige liter\u00eare ynfrastruktuer. Wy dogge dat hieltyd binnen de neikommende beliedslinen:\u00a0 Profesjonalisearring&nbsp; It befoarderjen fan in goede ynfrastruktuer foar de profesjonalisearring fan talintfolle skriuwers, dichters en oersetters. L\u00easbefoardering&nbsp; It ynteressearjen fan publyk foar l\u00eazen en liter\u00eare aktiviteiten. SDG-gearwurking&nbsp; It inisjearjen en stypjen fan projekten yn [&hellip;]","og_url":"https:\/\/leeuwardencityofliterature.bwhsite.nl\/beleidslijnen\/","og_site_name":"Leeuwarden City of Literature","article_modified_time":"2022-03-29T20:28:25+00:00","og_image":[{"width":1640,"height":624,"url":"https:\/\/leeuwardencityofliterature.bwhsite.nl\/wp-content\/uploads\/2022\/05\/COL_FB-header_01.png","type":"image\/png"}],"twitter_card":"summary_large_image","twitter_misc":{"Est. reading time":"1 minute"},"schema":{"@context":"https:\/\/schema.org","@graph":[{"@type":"WebPage","@id":"https:\/\/leeuwardencityofliterature.bwhsite.nl\/beleidslijnen\/","url":"https:\/\/leeuwardencityofliterature.bwhsite.nl\/beleidslijnen\/","name":"Beliedslinen - Leeuwarden City of Literature","isPartOf":{"@id":"https:\/\/leeuwardencityofliterature.bwhsite.nl\/#website"},"datePublished":"2022-03-29T20:24:39+00:00","dateModified":"2022-03-29T20:28:25+00:00","breadcrumb":{"@id":"https:\/\/leeuwardencityofliterature.bwhsite.nl\/beleidslijnen\/#breadcrumb"},"inLanguage":"nl-FY","potentialAction":[{"@type":"ReadAction","target":["https:\/\/leeuwardencityofliterature.bwhsite.nl\/beleidslijnen\/"]}]},{"@type":"BreadcrumbList","@id":"https:\/\/leeuwardencityofliterature.bwhsite.nl\/beleidslijnen\/#breadcrumb","itemListElement":[{"@type":"ListItem","position":1,"name":"Home","item":"https:\/\/leeuwardencityofliterature.bwhsite.nl\/"},{"@type":"ListItem","position":2,"name":"Beliedslinen"}]},{"@type":"WebSite","@id":"https:\/\/leeuwardencityofliterature.bwhsite.nl\/#website","url":"https:\/\/leeuwardencityofliterature.bwhsite.nl\/","name":"Leeuwarden City of Literature","description":"","potentialAction":[{"@type":"SearchAction","target":{"@type":"EntryPoint","urlTemplate":"https:\/\/leeuwardencityofliterature.bwhsite.nl\/?s={search_term_string}"},"query-input":{"@type":"PropertyValueSpecification","valueRequired":true,"valueName":"search_term_string"}}],"inLanguage":"nl-FY"}]}},"_links":{"self":[{"href":"https:\/\/leeuwardencityofliterature.bwhsite.nl\/fy\/wp-json\/wp\/v2\/pages\/5589","targetHints":{"allow":["GET"]}}],"collection":[{"href":"https:\/\/leeuwardencityofliterature.bwhsite.nl\/fy\/wp-json\/wp\/v2\/pages"}],"about":[{"href":"https:\/\/leeuwardencityofliterature.bwhsite.nl\/fy\/wp-json\/wp\/v2\/types\/page"}],"author":[{"embeddable":true,"href":"https:\/\/leeuwardencityofliterature.bwhsite.nl\/fy\/wp-json\/wp\/v2\/users\/2"}],"replies":[{"embeddable":true,"href":"https:\/\/leeuwardencityofliterature.bwhsite.nl\/fy\/wp-json\/wp\/v2\/comments?post=5589"}],"version-history":[{"count":1,"href":"https:\/\/leeuwardencityofliterature.bwhsite.nl\/fy\/wp-json\/wp\/v2\/pages\/5589\/revisions"}],"predecessor-version":[{"id":5590,"href":"https:\/\/leeuwardencityofliterature.bwhsite.nl\/fy\/wp-json\/wp\/v2\/pages\/5589\/revisions\/5590"}],"wp:attachment":[{"href":"https:\/\/leeuwardencityofliterature.bwhsite.nl\/fy\/wp-json\/wp\/v2\/media?parent=5589"}],"curies":[{"name":"wp","href":"https:\/\/api.w.org\/{rel}","templated":true}]}}